{"id":16,"date":"2020-01-02T12:15:08","date_gmt":"2020-01-02T09:15:08","guid":{"rendered":"http:\/\/demo.safirtema.com\/maya\/?page_id=16"},"modified":"2022-12-29T16:42:21","modified_gmt":"2022-12-29T13:42:21","slug":"cozum-ortaklari","status":"publish","type":"page","link":"https:\/\/gayrimenkuluzmani.com.tr\/index.php\/cozum-ortaklari\/","title":{"rendered":"Sat\u0131\u015f Deste\u011fi verdi\u011fimiz projeler"},"content":{"rendered":"\n<figure class=\"wp-block-gallery has-nested-images columns-default is-cropped wp-block-gallery-1 is-layout-flex wp-block-gallery-is-layout-flex\">\n<figure class=\"wp-block-image size-large\"><img loading=\"lazy\" decoding=\"async\" width=\"224\" height=\"161\" data-id=\"342\" src=\"http:\/\/gayrimenkuluzmani.com.tr\/wp-content\/uploads\/2022\/12\/3istanbul.png\" alt=\"\" class=\"wp-image-342\"\/><\/figure>\n\n\n\n<figure class=\"wp-block-image size-large\"><img loading=\"lazy\" decoding=\"async\" width=\"560\" height=\"327\" data-id=\"346\" src=\"http:\/\/gayrimenkuluzmani.com.tr\/wp-content\/uploads\/2022\/12\/adimistanbul_logo.png\" alt=\"\" class=\"wp-image-346\" srcset=\"https:\/\/gayrimenkuluzmani.com.tr\/wp-content\/uploads\/2022\/12\/adimistanbul_logo.png 560w, https:\/\/gayrimenkuluzmani.com.tr\/wp-content\/uploads\/2022\/12\/adimistanbul_logo-300x175.png 300w\" sizes=\"(max-width: 560px) 100vw, 560px\" \/><\/figure>\n\n\n\n<figure class=\"wp-block-image size-large\"><img loading=\"lazy\" decoding=\"async\" width=\"600\" height=\"400\" data-id=\"341\" src=\"http:\/\/gayrimenkuluzmani.com.tr\/wp-content\/uploads\/2022\/12\/avrasya.png\" alt=\"\" class=\"wp-image-341\" srcset=\"https:\/\/gayrimenkuluzmani.com.tr\/wp-content\/uploads\/2022\/12\/avrasya.png 600w, https:\/\/gayrimenkuluzmani.com.tr\/wp-content\/uploads\/2022\/12\/avrasya-300x200.png 300w\" sizes=\"(max-width: 600px) 100vw, 600px\" \/><\/figure>\n\n\n\n<figure class=\"wp-block-image size-large\"><img loading=\"lazy\" decoding=\"async\" width=\"1024\" height=\"775\" data-id=\"349\" src=\"http:\/\/gayrimenkuluzmani.com.tr\/wp-content\/uploads\/2022\/12\/Avrupa-Konutlari-Basaksehir-Logo-1024x775.png\" alt=\"\" class=\"wp-image-349\" srcset=\"https:\/\/gayrimenkuluzmani.com.tr\/wp-content\/uploads\/2022\/12\/Avrupa-Konutlari-Basaksehir-Logo-1024x775.png 1024w, https:\/\/gayrimenkuluzmani.com.tr\/wp-content\/uploads\/2022\/12\/Avrupa-Konutlari-Basaksehir-Logo-300x227.png 300w, https:\/\/gayrimenkuluzmani.com.tr\/wp-content\/uploads\/2022\/12\/Avrupa-Konutlari-Basaksehir-Logo-768x582.png 768w, https:\/\/gayrimenkuluzmani.com.tr\/wp-content\/uploads\/2022\/12\/Avrupa-Konutlari-Basaksehir-Logo-1536x1163.png 1536w, https:\/\/gayrimenkuluzmani.com.tr\/wp-content\/uploads\/2022\/12\/Avrupa-Konutlari-Basaksehir-Logo-2048x1551.png 2048w\" sizes=\"(max-width: 1024px) 100vw, 1024px\" \/><\/figure>\n\n\n\n<figure class=\"wp-block-image size-large\"><img loading=\"lazy\" decoding=\"async\" width=\"160\" height=\"130\" data-id=\"343\" src=\"http:\/\/gayrimenkuluzmani.com.tr\/wp-content\/uploads\/2022\/12\/bahcetepe.png\" alt=\"\" class=\"wp-image-343\"\/><\/figure>\n\n\n\n<figure class=\"wp-block-image size-large\"><img loading=\"lazy\" decoding=\"async\" width=\"760\" height=\"760\" data-id=\"344\" src=\"http:\/\/gayrimenkuluzmani.com.tr\/wp-content\/uploads\/2022\/12\/basaksehir.png\" alt=\"\" class=\"wp-image-344\" srcset=\"https:\/\/gayrimenkuluzmani.com.tr\/wp-content\/uploads\/2022\/12\/basaksehir.png 760w, https:\/\/gayrimenkuluzmani.com.tr\/wp-content\/uploads\/2022\/12\/basaksehir-300x300.png 300w, https:\/\/gayrimenkuluzmani.com.tr\/wp-content\/uploads\/2022\/12\/basaksehir-150x150.png 150w\" sizes=\"(max-width: 760px) 100vw, 760px\" \/><\/figure>\n\n\n\n<figure class=\"wp-block-image size-large\"><img loading=\"lazy\" decoding=\"async\" width=\"400\" height=\"253\" data-id=\"345\" src=\"http:\/\/gayrimenkuluzmani.com.tr\/wp-content\/uploads\/2022\/12\/bulvar-istanbul.png\" alt=\"\" class=\"wp-image-345\" srcset=\"https:\/\/gayrimenkuluzmani.com.tr\/wp-content\/uploads\/2022\/12\/bulvar-istanbul.png 400w, https:\/\/gayrimenkuluzmani.com.tr\/wp-content\/uploads\/2022\/12\/bulvar-istanbul-300x190.png 300w\" sizes=\"(max-width: 400px) 100vw, 400px\" \/><\/figure>\n\n\n\n<figure class=\"wp-block-image size-large\"><img loading=\"lazy\" decoding=\"async\" width=\"300\" height=\"128\" data-id=\"347\" src=\"http:\/\/gayrimenkuluzmani.com.tr\/wp-content\/uploads\/2022\/12\/emlak-konut-basaksehir.png\" alt=\"\" class=\"wp-image-347\"\/><\/figure>\n\n\n\n<figure class=\"wp-block-image size-large\"><img loading=\"lazy\" decoding=\"async\" width=\"450\" height=\"274\" data-id=\"348\" src=\"http:\/\/gayrimenkuluzmani.com.tr\/wp-content\/uploads\/2022\/12\/evvelistanbul_logo.png\" alt=\"\" class=\"wp-image-348\" srcset=\"https:\/\/gayrimenkuluzmani.com.tr\/wp-content\/uploads\/2022\/12\/evvelistanbul_logo.png 450w, https:\/\/gayrimenkuluzmani.com.tr\/wp-content\/uploads\/2022\/12\/evvelistanbul_logo-300x183.png 300w\" sizes=\"(max-width: 450px) 100vw, 450px\" \/><\/figure>\n\n\n\n<figure class=\"wp-block-image size-large\"><img loading=\"lazy\" decoding=\"async\" width=\"300\" height=\"197\" data-id=\"351\" src=\"http:\/\/gayrimenkuluzmani.com.tr\/wp-content\/uploads\/2022\/12\/ispartakule-evleri.png\" alt=\"\" class=\"wp-image-351\"\/><\/figure>\n\n\n\n<figure class=\"wp-block-image size-large\"><img loading=\"lazy\" decoding=\"async\" width=\"760\" height=\"760\" data-id=\"350\" src=\"http:\/\/gayrimenkuluzmani.com.tr\/wp-content\/uploads\/2022\/12\/kayasehir.png\" alt=\"\" class=\"wp-image-350\" srcset=\"https:\/\/gayrimenkuluzmani.com.tr\/wp-content\/uploads\/2022\/12\/kayasehir.png 760w, https:\/\/gayrimenkuluzmani.com.tr\/wp-content\/uploads\/2022\/12\/kayasehir-300x300.png 300w, https:\/\/gayrimenkuluzmani.com.tr\/wp-content\/uploads\/2022\/12\/kayasehir-150x150.png 150w\" sizes=\"(max-width: 760px) 100vw, 760px\" \/><\/figure>\n\n\n\n<figure class=\"wp-block-image size-large\"><img loading=\"lazy\" decoding=\"async\" width=\"1024\" height=\"440\" data-id=\"352\" src=\"http:\/\/gayrimenkuluzmani.com.tr\/wp-content\/uploads\/2022\/12\/kuzeyyakasilogo-1024x440.png\" alt=\"\" class=\"wp-image-352\" srcset=\"https:\/\/gayrimenkuluzmani.com.tr\/wp-content\/uploads\/2022\/12\/kuzeyyakasilogo-1024x440.png 1024w, https:\/\/gayrimenkuluzmani.com.tr\/wp-content\/uploads\/2022\/12\/kuzeyyakasilogo-300x129.png 300w, https:\/\/gayrimenkuluzmani.com.tr\/wp-content\/uploads\/2022\/12\/kuzeyyakasilogo-768x330.png 768w, https:\/\/gayrimenkuluzmani.com.tr\/wp-content\/uploads\/2022\/12\/kuzeyyakasilogo-1536x661.png 1536w, https:\/\/gayrimenkuluzmani.com.tr\/wp-content\/uploads\/2022\/12\/kuzeyyakasilogo-2048x881.png 2048w\" sizes=\"(max-width: 1024px) 100vw, 1024px\" \/><\/figure>\n\n\n\n<figure class=\"wp-block-image size-large\"><img loading=\"lazy\" decoding=\"async\" width=\"1024\" height=\"537\" data-id=\"353\" src=\"http:\/\/gayrimenkuluzmani.com.tr\/wp-content\/uploads\/2022\/12\/LOGO_EMLAKKONUT-1024x537.png\" alt=\"\" class=\"wp-image-353\" srcset=\"https:\/\/gayrimenkuluzmani.com.tr\/wp-content\/uploads\/2022\/12\/LOGO_EMLAKKONUT-1024x537.png 1024w, https:\/\/gayrimenkuluzmani.com.tr\/wp-content\/uploads\/2022\/12\/LOGO_EMLAKKONUT-300x157.png 300w, https:\/\/gayrimenkuluzmani.com.tr\/wp-content\/uploads\/2022\/12\/LOGO_EMLAKKONUT-768x403.png 768w, https:\/\/gayrimenkuluzmani.com.tr\/wp-content\/uploads\/2022\/12\/LOGO_EMLAKKONUT-1536x806.png 1536w, https:\/\/gayrimenkuluzmani.com.tr\/wp-content\/uploads\/2022\/12\/LOGO_EMLAKKONUT-2048x1075.png 2048w\" sizes=\"(max-width: 1024px) 100vw, 1024px\" \/><\/figure>\n\n\n\n<figure class=\"wp-block-image size-large\"><img loading=\"lazy\" decoding=\"async\" width=\"236\" height=\"133\" data-id=\"354\" src=\"http:\/\/gayrimenkuluzmani.com.tr\/wp-content\/uploads\/2022\/12\/mavera-2.png\" alt=\"\" class=\"wp-image-354\"\/><\/figure>\n\n\n\n<figure class=\"wp-block-image size-large\"><img loading=\"lazy\" decoding=\"async\" width=\"501\" height=\"324\" data-id=\"356\" src=\"http:\/\/gayrimenkuluzmani.com.tr\/wp-content\/uploads\/2022\/12\/mavera-3.png\" alt=\"\" class=\"wp-image-356\" srcset=\"https:\/\/gayrimenkuluzmani.com.tr\/wp-content\/uploads\/2022\/12\/mavera-3.png 501w, https:\/\/gayrimenkuluzmani.com.tr\/wp-content\/uploads\/2022\/12\/mavera-3-300x194.png 300w\" sizes=\"(max-width: 501px) 100vw, 501px\" \/><\/figure>\n\n\n\n<figure class=\"wp-block-image size-large\"><img loading=\"lazy\" decoding=\"async\" width=\"151\" height=\"95\" data-id=\"357\" src=\"http:\/\/gayrimenkuluzmani.com.tr\/wp-content\/uploads\/2022\/12\/mavera-4-lounge.png\" alt=\"\" class=\"wp-image-357\"\/><\/figure>\n\n\n\n<figure class=\"wp-block-image size-large\"><img loading=\"lazy\" decoding=\"async\" width=\"500\" height=\"267\" data-id=\"359\" src=\"http:\/\/gayrimenkuluzmani.com.tr\/wp-content\/uploads\/2022\/12\/mavera-boutiqe.png\" alt=\"\" class=\"wp-image-359\" srcset=\"https:\/\/gayrimenkuluzmani.com.tr\/wp-content\/uploads\/2022\/12\/mavera-boutiqe.png 500w, https:\/\/gayrimenkuluzmani.com.tr\/wp-content\/uploads\/2022\/12\/mavera-boutiqe-300x160.png 300w\" sizes=\"(max-width: 500px) 100vw, 500px\" \/><\/figure>\n\n\n\n<figure class=\"wp-block-image size-large\"><img loading=\"lazy\" decoding=\"async\" width=\"1024\" height=\"574\" data-id=\"358\" src=\"http:\/\/gayrimenkuluzmani.com.tr\/wp-content\/uploads\/2022\/12\/mavera1-1024x574.png\" alt=\"\" class=\"wp-image-358\" srcset=\"https:\/\/gayrimenkuluzmani.com.tr\/wp-content\/uploads\/2022\/12\/mavera1-1024x574.png 1024w, https:\/\/gayrimenkuluzmani.com.tr\/wp-content\/uploads\/2022\/12\/mavera1-300x168.png 300w, https:\/\/gayrimenkuluzmani.com.tr\/wp-content\/uploads\/2022\/12\/mavera1-768x431.png 768w, https:\/\/gayrimenkuluzmani.com.tr\/wp-content\/uploads\/2022\/12\/mavera1.png 1264w\" sizes=\"(max-width: 1024px) 100vw, 1024px\" \/><\/figure>\n\n\n\n<figure class=\"wp-block-image size-large\"><img loading=\"lazy\" decoding=\"async\" width=\"664\" height=\"1024\" data-id=\"360\" src=\"http:\/\/gayrimenkuluzmani.com.tr\/wp-content\/uploads\/2022\/12\/semt_logo-664x1024.png\" alt=\"\" class=\"wp-image-360\" srcset=\"https:\/\/gayrimenkuluzmani.com.tr\/wp-content\/uploads\/2022\/12\/semt_logo-664x1024.png 664w, https:\/\/gayrimenkuluzmani.com.tr\/wp-content\/uploads\/2022\/12\/semt_logo-194x300.png 194w, https:\/\/gayrimenkuluzmani.com.tr\/wp-content\/uploads\/2022\/12\/semt_logo-768x1185.png 768w, https:\/\/gayrimenkuluzmani.com.tr\/wp-content\/uploads\/2022\/12\/semt_logo.png 901w\" sizes=\"(max-width: 664px) 100vw, 664px\" \/><\/figure>\n\n\n\n<figure class=\"wp-block-image size-large\"><img loading=\"lazy\" decoding=\"async\" width=\"170\" height=\"39\" data-id=\"361\" src=\"http:\/\/gayrimenkuluzmani.com.tr\/wp-content\/uploads\/2022\/12\/tahincioglu_k.png\" alt=\"\" class=\"wp-image-361\"\/><\/figure>\n\n\n\n<figure class=\"wp-block-image size-large\"><img loading=\"lazy\" decoding=\"async\" width=\"842\" height=\"338\" data-id=\"362\" src=\"http:\/\/gayrimenkuluzmani.com.tr\/wp-content\/uploads\/2022\/12\/TOKI-LOGO-YATAY-TR-PNG.png\" alt=\"\" class=\"wp-image-362\" srcset=\"https:\/\/gayrimenkuluzmani.com.tr\/wp-content\/uploads\/2022\/12\/TOKI-LOGO-YATAY-TR-PNG.png 842w, https:\/\/gayrimenkuluzmani.com.tr\/wp-content\/uploads\/2022\/12\/TOKI-LOGO-YATAY-TR-PNG-300x120.png 300w, https:\/\/gayrimenkuluzmani.com.tr\/wp-content\/uploads\/2022\/12\/TOKI-LOGO-YATAY-TR-PNG-768x308.png 768w\" sizes=\"(max-width: 842px) 100vw, 842px\" \/><\/figure>\n\n\n\n<figure class=\"wp-block-image size-large\"><img loading=\"lazy\" decoding=\"async\" width=\"400\" height=\"172\" data-id=\"364\" src=\"http:\/\/gayrimenkuluzmani.com.tr\/wp-content\/uploads\/2022\/12\/vadiyaka.png\" alt=\"\" class=\"wp-image-364\" srcset=\"https:\/\/gayrimenkuluzmani.com.tr\/wp-content\/uploads\/2022\/12\/vadiyaka.png 400w, https:\/\/gayrimenkuluzmani.com.tr\/wp-content\/uploads\/2022\/12\/vadiyaka-300x129.png 300w\" sizes=\"(max-width: 400px) 100vw, 400px\" \/><\/figure>\n<\/figure>\n\n\n\n<figure class=\"wp-block-gallery has-nested-images columns-default is-cropped wp-block-gallery-2 is-layout-flex wp-block-gallery-is-layout-flex\">\n<figure class=\"wp-block-image size-large\"><img loading=\"lazy\" decoding=\"async\" width=\"1024\" height=\"1024\" data-id=\"368\" src=\"http:\/\/gayrimenkuluzmani.com.tr\/wp-content\/uploads\/2022\/12\/Medikule-1-1024x1024.png\" alt=\"\" class=\"wp-image-368\" srcset=\"https:\/\/gayrimenkuluzmani.com.tr\/wp-content\/uploads\/2022\/12\/Medikule-1-1024x1024.png 1024w, https:\/\/gayrimenkuluzmani.com.tr\/wp-content\/uploads\/2022\/12\/Medikule-1-300x300.png 300w, https:\/\/gayrimenkuluzmani.com.tr\/wp-content\/uploads\/2022\/12\/Medikule-1-150x150.png 150w, https:\/\/gayrimenkuluzmani.com.tr\/wp-content\/uploads\/2022\/12\/Medikule-1-768x768.png 768w, https:\/\/gayrimenkuluzmani.com.tr\/wp-content\/uploads\/2022\/12\/Medikule-1.png 1080w\" sizes=\"(max-width: 1024px) 100vw, 1024px\" \/><\/figure>\n\n\n\n<figure class=\"wp-block-image size-large\"><img loading=\"lazy\" decoding=\"async\" width=\"1024\" height=\"1024\" data-id=\"369\" src=\"http:\/\/gayrimenkuluzmani.com.tr\/wp-content\/uploads\/2022\/12\/meydan-ardicli-1-1024x1024.png\" alt=\"\" class=\"wp-image-369\" srcset=\"https:\/\/gayrimenkuluzmani.com.tr\/wp-content\/uploads\/2022\/12\/meydan-ardicli-1-1024x1024.png 1024w, https:\/\/gayrimenkuluzmani.com.tr\/wp-content\/uploads\/2022\/12\/meydan-ardicli-1-300x300.png 300w, https:\/\/gayrimenkuluzmani.com.tr\/wp-content\/uploads\/2022\/12\/meydan-ardicli-1-150x150.png 150w, https:\/\/gayrimenkuluzmani.com.tr\/wp-content\/uploads\/2022\/12\/meydan-ardicli-1-768x768.png 768w, https:\/\/gayrimenkuluzmani.com.tr\/wp-content\/uploads\/2022\/12\/meydan-ardicli-1.png 1080w\" sizes=\"(max-width: 1024px) 100vw, 1024px\" \/><\/figure>\n<\/figure>\n","protected":false},"excerpt":{"rendered":"","protected":false},"author":1,"featured_media":0,"parent":0,"menu_order":0,"comment_status":"closed","ping_status":"closed","template":"pages\/page-references.php","meta":{"footnotes":""},"class_list":["post-16","page","type-page","status-publish","hentry"],"aioseo_notices":[],"_links":{"self":[{"href":"https:\/\/gayrimenkuluzmani.com.tr\/index.php\/wp-json\/wp\/v2\/pages\/16"}],"collection":[{"href":"https:\/\/gayrimenkuluzmani.com.tr\/index.php\/wp-json\/wp\/v2\/pages"}],"about":[{"href":"https:\/\/gayrimenkuluzmani.com.tr\/index.php\/wp-json\/wp\/v2\/types\/page"}],"author":[{"embeddable":true,"href":"https:\/\/gayrimenkuluzmani.com.tr\/index.php\/wp-json\/wp\/v2\/users\/1"}],"replies":[{"embeddable":true,"href":"https:\/\/gayrimenkuluzmani.com.tr\/index.php\/wp-json\/wp\/v2\/comments?post=16"}],"version-history":[{"count":7,"href":"https:\/\/gayrimenkuluzmani.com.tr\/index.php\/wp-json\/wp\/v2\/pages\/16\/revisions"}],"predecessor-version":[{"id":370,"href":"https:\/\/gayrimenkuluzmani.com.tr\/index.php\/wp-json\/wp\/v2\/pages\/16\/revisions\/370"}],"wp:attachment":[{"href":"https:\/\/gayrimenkuluzmani.com.tr\/index.php\/wp-json\/wp\/v2\/media?parent=16"}],"curies":[{"name":"wp","href":"https:\/\/api.w.org\/{rel}","templated":true}]}}